{"id":325,"date":"2021-07-30T22:28:44","date_gmt":"2021-07-30T22:28:44","guid":{"rendered":"http:\/\/mexico-campaign-wola.local\/home\/"},"modified":"2021-09-07T15:03:12","modified_gmt":"2021-09-07T15:03:12","slug":"home","status":"publish","type":"page","link":"https:\/\/mexicodisappearances.wola.org\/es\/","title":{"rendered":"Inicio"},"content":{"rendered":"","protected":false},"excerpt":{"rendered":"","protected":false},"author":1,"featured_media":0,"parent":0,"menu_order":0,"comment_status":"closed","ping_status":"closed","template":"front-page.php","meta":{"_acf_changed":false,"inline_featured_image":false,"footnotes":""},"class_list":["post-325","page","type-page","status-publish","hentry"],"acf":[],"yoast_head":"<!-- This site is optimized with the Yoast SEO plugin v24.1 - https:\/\/yoast.com\/wordpress\/plugins\/seo\/ -->\n<title>Terminar con las desapariciones empieza por la justicia.<\/title>\n<meta name=\"description\" content=\"En esta serie, WOLA utilizar\u00e1 datos oficiales y pregunta: \u00bfC\u00f3mo se est\u00e1n investigando las desapariciones en M\u00e9xico?\" \/>\n<meta name=\"robots\" content=\"index, follow, max-snippet:-1, max-image-preview:large, max-video-preview:-1\" \/>\n<link rel=\"canonical\" href=\"https:\/\/mexicodisappearances.wola.org\/es\/\" \/>\n<meta property=\"og:locale\" content=\"es_ES\" \/>\n<meta property=\"og:type\" content=\"article\" \/>\n<meta property=\"og:title\" content=\"Terminar con las desapariciones empieza por la justicia.\" \/>\n<meta property=\"og:description\" content=\"En esta serie, WOLA pregunta: \u00bfC\u00f3mo se est\u00e1n investigando las desapariciones en M\u00e9xico?\" \/>\n<meta property=\"og:url\" content=\"https:\/\/mexicodisappearances.wola.org\/es\/\" \/>\n<meta property=\"og:site_name\" content=\"Mexico Disappearances - WOLA\" \/>\n<meta property=\"article:publisher\" content=\"https:\/\/www.facebook.com\/WOLA.org\" \/>\n<meta property=\"article:modified_time\" content=\"2021-09-07T15:03:12+00:00\" \/>\n<meta property=\"og:image\" content=\"https:\/\/mexicodisappearances.wola.org\/wp-content\/uploads\/2021\/08\/Screen-Shot-2021-08-30-at-10.15.50-AM.png\" \/>\n\t<meta property=\"og:image:width\" content=\"2164\" \/>\n\t<meta property=\"og:image:height\" content=\"1280\" \/>\n\t<meta property=\"og:image:type\" content=\"image\/png\" \/>\n<meta name=\"twitter:card\" content=\"summary_large_image\" \/>\n<meta name=\"twitter:title\" content=\"Terminar con las desapariciones empieza por la justicia.\" \/>\n<meta name=\"twitter:description\" content=\"En esta serie, WOLA pregunta: \u00bfC\u00f3mo se est\u00e1n investigando las desapariciones en M\u00e9xico?\" \/>\n<meta name=\"twitter:image\" content=\"https:\/\/mexicodisappearances.wola.org\/wp-content\/uploads\/2021\/08\/Screen-Shot-2021-08-30-at-10.15.50-AM.png\" \/>\n<meta name=\"twitter:site\" content=\"@wola_org\" \/>\n<script type=\"application\/ld+json\" class=\"yoast-schema-graph\">{\"@context\":\"https:\/\/schema.org\",\"@graph\":[{\"@type\":\"WebPage\",\"@id\":\"https:\/\/mexicodisappearances.wola.org\/es\/\",\"url\":\"https:\/\/mexicodisappearances.wola.org\/es\/\",\"name\":\"Terminar con las desapariciones empieza por la justicia.\",\"isPartOf\":{\"@id\":\"https:\/\/mexicodisappearances.wola.org\/#website\"},\"datePublished\":\"2021-07-30T22:28:44+00:00\",\"dateModified\":\"2021-09-07T15:03:12+00:00\",\"description\":\"En esta serie, WOLA utilizar\u00e1 datos oficiales y pregunta: \u00bfC\u00f3mo se est\u00e1n investigando las desapariciones en M\u00e9xico?\",\"breadcrumb\":{\"@id\":\"https:\/\/mexicodisappearances.wola.org\/es\/#breadcrumb\"},\"inLanguage\":\"es\",\"potentialAction\":[{\"@type\":\"ReadAction\",\"target\":[\"https:\/\/mexicodisappearances.wola.org\/es\/\"]}]},{\"@type\":\"BreadcrumbList\",\"@id\":\"https:\/\/mexicodisappearances.wola.org\/es\/#breadcrumb\",\"itemListElement\":[{\"@type\":\"ListItem\",\"position\":1,\"name\":\"Home\",\"item\":\"https:\/\/mexicodisappearances.wola.org\/es\/\"},{\"@type\":\"ListItem\",\"position\":2,\"name\":\"Inicio\"}]},{\"@type\":\"WebSite\",\"@id\":\"https:\/\/mexicodisappearances.wola.org\/#website\",\"url\":\"https:\/\/mexicodisappearances.wola.org\/\",\"name\":\"Mexico Disappearances - WOLA\",\"description\":\"\",\"publisher\":{\"@id\":\"https:\/\/mexicodisappearances.wola.org\/#organization\"},\"potentialAction\":[{\"@type\":\"SearchAction\",\"target\":{\"@type\":\"EntryPoint\",\"urlTemplate\":\"https:\/\/mexicodisappearances.wola.org\/?s={search_term_string}\"},\"query-input\":{\"@type\":\"PropertyValueSpecification\",\"valueRequired\":true,\"valueName\":\"search_term_string\"}}],\"inLanguage\":\"es\"},{\"@type\":\"Organization\",\"@id\":\"https:\/\/mexicodisappearances.wola.org\/#organization\",\"name\":\"Washington Office on Latin America\",\"url\":\"https:\/\/mexicodisappearances.wola.org\/\",\"logo\":{\"@type\":\"ImageObject\",\"inLanguage\":\"es\",\"@id\":\"https:\/\/mexicodisappearances.wola.org\/#\/schema\/logo\/image\/\",\"url\":\"https:\/\/mexicodisappearances.wola.org\/wp-content\/uploads\/2021\/09\/WOLA_logo_blue.png\",\"contentUrl\":\"https:\/\/mexicodisappearances.wola.org\/wp-content\/uploads\/2021\/09\/WOLA_logo_blue.png\",\"width\":1000,\"height\":413,\"caption\":\"Washington Office on Latin America\"},\"image\":{\"@id\":\"https:\/\/mexicodisappearances.wola.org\/#\/schema\/logo\/image\/\"},\"sameAs\":[\"https:\/\/www.facebook.com\/WOLA.org\",\"https:\/\/x.com\/wola_org\",\"https:\/\/www.instagram.com\/wola_org\/\",\"https:\/\/www.youtube.com\/channel\/UCjftIn88pSchvpvAKfc4pPQ\"]}]}<\/script>\n<!-- \/ Yoast SEO plugin. -->","yoast_head_json":{"title":"Terminar con las desapariciones empieza por la justicia.","description":"En esta serie, WOLA utilizar\u00e1 datos oficiales y pregunta: \u00bfC\u00f3mo se est\u00e1n investigando las desapariciones en M\u00e9xico?","robots":{"index":"index","follow":"follow","max-snippet":"max-snippet:-1","max-image-preview":"max-image-preview:large","max-video-preview":"max-video-preview:-1"},"canonical":"https:\/\/mexicodisappearances.wola.org\/es\/","og_locale":"es_ES","og_type":"article","og_title":"Terminar con las desapariciones empieza por la justicia.","og_description":"En esta serie, WOLA pregunta: \u00bfC\u00f3mo se est\u00e1n investigando las desapariciones en M\u00e9xico?","og_url":"https:\/\/mexicodisappearances.wola.org\/es\/","og_site_name":"Mexico Disappearances - WOLA","article_publisher":"https:\/\/www.facebook.com\/WOLA.org","article_modified_time":"2021-09-07T15:03:12+00:00","og_image":[{"width":2164,"height":1280,"url":"https:\/\/mexicodisappearances.wola.org\/wp-content\/uploads\/2021\/08\/Screen-Shot-2021-08-30-at-10.15.50-AM.png","type":"image\/png"}],"twitter_card":"summary_large_image","twitter_title":"Terminar con las desapariciones empieza por la justicia.","twitter_description":"En esta serie, WOLA pregunta: \u00bfC\u00f3mo se est\u00e1n investigando las desapariciones en M\u00e9xico?","twitter_image":"https:\/\/mexicodisappearances.wola.org\/wp-content\/uploads\/2021\/08\/Screen-Shot-2021-08-30-at-10.15.50-AM.png","twitter_site":"@wola_org","schema":{"@context":"https:\/\/schema.org","@graph":[{"@type":"WebPage","@id":"https:\/\/mexicodisappearances.wola.org\/es\/","url":"https:\/\/mexicodisappearances.wola.org\/es\/","name":"Terminar con las desapariciones empieza por la justicia.","isPartOf":{"@id":"https:\/\/mexicodisappearances.wola.org\/#website"},"datePublished":"2021-07-30T22:28:44+00:00","dateModified":"2021-09-07T15:03:12+00:00","description":"En esta serie, WOLA utilizar\u00e1 datos oficiales y pregunta: \u00bfC\u00f3mo se est\u00e1n investigando las desapariciones en M\u00e9xico?","breadcrumb":{"@id":"https:\/\/mexicodisappearances.wola.org\/es\/#breadcrumb"},"inLanguage":"es","potentialAction":[{"@type":"ReadAction","target":["https:\/\/mexicodisappearances.wola.org\/es\/"]}]},{"@type":"BreadcrumbList","@id":"https:\/\/mexicodisappearances.wola.org\/es\/#breadcrumb","itemListElement":[{"@type":"ListItem","position":1,"name":"Home","item":"https:\/\/mexicodisappearances.wola.org\/es\/"},{"@type":"ListItem","position":2,"name":"Inicio"}]},{"@type":"WebSite","@id":"https:\/\/mexicodisappearances.wola.org\/#website","url":"https:\/\/mexicodisappearances.wola.org\/","name":"Mexico Disappearances - WOLA","description":"","publisher":{"@id":"https:\/\/mexicodisappearances.wola.org\/#organization"},"potentialAction":[{"@type":"SearchAction","target":{"@type":"EntryPoint","urlTemplate":"https:\/\/mexicodisappearances.wola.org\/?s={search_term_string}"},"query-input":{"@type":"PropertyValueSpecification","valueRequired":true,"valueName":"search_term_string"}}],"inLanguage":"es"},{"@type":"Organization","@id":"https:\/\/mexicodisappearances.wola.org\/#organization","name":"Washington Office on Latin America","url":"https:\/\/mexicodisappearances.wola.org\/","logo":{"@type":"ImageObject","inLanguage":"es","@id":"https:\/\/mexicodisappearances.wola.org\/#\/schema\/logo\/image\/","url":"https:\/\/mexicodisappearances.wola.org\/wp-content\/uploads\/2021\/09\/WOLA_logo_blue.png","contentUrl":"https:\/\/mexicodisappearances.wola.org\/wp-content\/uploads\/2021\/09\/WOLA_logo_blue.png","width":1000,"height":413,"caption":"Washington Office on Latin America"},"image":{"@id":"https:\/\/mexicodisappearances.wola.org\/#\/schema\/logo\/image\/"},"sameAs":["https:\/\/www.facebook.com\/WOLA.org","https:\/\/x.com\/wola_org","https:\/\/www.instagram.com\/wola_org\/","https:\/\/www.youtube.com\/channel\/UCjftIn88pSchvpvAKfc4pPQ"]}]}},"_links":{"self":[{"href":"https:\/\/mexicodisappearances.wola.org\/es\/wp-json\/wp\/v2\/pages\/325","targetHints":{"allow":["GET"]}}],"collection":[{"href":"https:\/\/mexicodisappearances.wola.org\/es\/wp-json\/wp\/v2\/pages"}],"about":[{"href":"https:\/\/mexicodisappearances.wola.org\/es\/wp-json\/wp\/v2\/types\/page"}],"author":[{"embeddable":true,"href":"https:\/\/mexicodisappearances.wola.org\/es\/wp-json\/wp\/v2\/users\/1"}],"replies":[{"embeddable":true,"href":"https:\/\/mexicodisappearances.wola.org\/es\/wp-json\/wp\/v2\/comments?post=325"}],"version-history":[{"count":0,"href":"https:\/\/mexicodisappearances.wola.org\/es\/wp-json\/wp\/v2\/pages\/325\/revisions"}],"wp:attachment":[{"href":"https:\/\/mexicodisappearances.wola.org\/es\/wp-json\/wp\/v2\/media?parent=325"}],"curies":[{"name":"wp","href":"https:\/\/api.w.org\/{rel}","templated":true}]}}